{"id":160,"date":"2020-06-11T17:39:21","date_gmt":"2020-06-11T17:39:21","guid":{"rendered":"http:\/\/kaydoerfel.de\/?page_id=160"},"modified":"2026-04-09T11:59:50","modified_gmt":"2026-04-09T11:59:50","slug":"ueber-kay","status":"publish","type":"page","link":"http:\/\/kaydoerfel.de\/?page_id=160","title":{"rendered":"\u00dcber Kay"},"content":{"rendered":"\n<p class=\"has-medium-font-size\"><br>Kay D\u00f6rfel steht seit \u00fcber 40 Jahren auf der B\u00fchne. Nachdem ihn sein F\u00f6rderer Heinz H\u00e4\u00dfner im September 1982 f\u00fcr den \u201eLilo Herrmann Chor\u201c entdeckte, machte er ihn kurze Zeit sp\u00e4ter zu dessen Solisten.<\/p>\n\n\n\n<p class=\"has-medium-font-size\">Kay sang mit seiner glockenhellen Stimme und faszinierte alle. Im Laufe der Jahre durfte er zahlreiche Preise und Ehrungen entgegennehmen. Seinen gr\u00f6\u00dften Kindheits-Erfolg brachte ihm das Lied &#8222;Kleine wei\u00dfe Friedenstaube&#8220;, welches heute vom Text noch mehr Bedeutung hat denn je.<\/p>\n\n\n\n<p class=\"has-medium-font-size\">Mit der Wende lernte Kay seinen neuen Mentor Dieter Wilsdorf kennen und wechselte zum  Schlager.<\/p>\n\n\n\n<p class=\"has-medium-font-size\">Bei einem seiner, schon damals zahlreichen Auftritte, hatte er das Gl\u00fcck, dass ein Bekannter des Flippers- Produzenten Karl-Heinz Rupprich ihn sah und ein paar Tage sp\u00e4ter den Kontakt herstellte. Die ersten eigenen Studioaufnahmen entstanden und es kam der erste Schallplattenvertrag bei Polygramm.<\/p>\n\n\n\n<p class=\"has-medium-font-size\">Mit dem Album \u201eHallo mein Engel\u201c, welches 1996 ver\u00f6ffentlicht wurde, stand auf einmal ein ganz neuer Name oben am Schlagerhimmel: Kay D\u00f6rfel.<\/p>\n\n\n\n<p class=\"has-medium-font-size\">Seitdem kann der sympathische S\u00e4nger, mit der gef\u00fchlvollen Stimme, auf jede Menge erfolgreiche LPs und Singles, sowie Auftritte und Gastspiele in TV-, Rundfunk- &amp; Tourneeproduktionen zur\u00fcckblicken, so u.a. beim Fernsehpreis \u201eWei\u00dfer L\u00f6we\u201c (MDR\/hr), dem \u201eSchlagerdiamanten\u201c (Super RTL), die &#8222;Aktuelle Schaubude&#8220; (NDR), &#8222;Achim\u00b4  s Hitparade&#8220; (MDR), &#8222;Die Alltagsk\u00e4mpfer&#8220; (RTL), &#8222;Die Fly &amp; Help-Gala&#8220; (SonnenklarTV) oder in \u201eMusik f\u00fcr Sie\u201c (MDR).<\/p>\n\n\n\n<p class=\"has-medium-font-size\">Kay D\u00f6rfel konzipiert und produziert auch eigene TV-Formate, wie zum Beispiel die &#8222;SilvesterSause&#8220; (MyTVplus), &#8222;Schlager XXL&#8220; (Gute Laune TV) oder seine Sendung \u201eGoldene Schlager Juwelen\u201c (Gute Laune TV, SchlagerParadies TV).<\/p>\n\n\n\n<p class=\"has-medium-font-size\">Seine Titel kommen nicht nur beim deutschsprachigen Publikum sehr gut an, denn auch in Belgien, Holland, \u00d6sterreich, Russland, den USA und Kanada begeistert das Th\u00fcringer Urgestein immer neue Fans mit seiner ehrlichen Musik.<\/p>\n\n\n\n<p class=\"has-medium-font-size\">Mit unterschiedlichen B\u00fchnenprogrammen erfindet er sich stets neu und weckt Begeisterung bei Veranstaltern und Publikum. Seine Parodien, der ureigene Wortwitz und die einzigartige Spontanit\u00e4t, immer im direkten Kontakt zu seinem Publikum, machen ihn so sympathisch und unverwechselbar. Dazu kommen der hohe Widererkennungswert seiner sanften Stimme und die Leidenschaft f\u00fcr Musik in unserer ureigenen Muttersprache.<\/p>\n\n\n\n<p class=\"has-medium-font-size\">\u00dcber den musikalischen Tellerrand hinaus zu blicken und vielseitig zu sein, ist stets sein Anspruch. Genau deshalb ist er neben dem Gesang auch als Texter und Komponist f\u00fcr Kollegen erfolgreich, wie u.a. mit dem Comeback-Hit von Lena Valaitis &#8222;Und ich rufe deinen Namen&#8220;, f\u00fcr Eberhard Hertel &#8222;Mit dir kam das Gl\u00fcck&#8220;, die Wildecker Herzbuben (&#8222;Kerle, wie wir&#8220;), &#8222;Das Leben ist ein Wunder&#8220; mit Anita Hegerland oder aber f\u00fcr den Sohn des \u00f6sterreichischen Superstars Waterloo, Ricky Berger (Rico), mit \u201eStumme Herzen\u201c. Zudem schrieb er zahlreiche Songs f\u00fcr Reiner Kirsten und auch das Duo &#8222;Die Freunde&#8220;. Als Produzent stand er u.a. Edward Simoni und auch Reality Star Manuel Flickinger schon zur Seite.<\/p>\n\n\n\n<p class=\"has-medium-font-size\">Neben Gassenhauern und bekannten Hits kann Kay D\u00f6rfel auf ein eigenes Repertoire aus \u00fcber 7 Studioalben zur\u00fcckgreifen.<\/p>\n\n\n\n<p class=\"has-medium-font-size\">Im Sommer 2022 erf\u00fcllte sich Kay 2 lang gehegte Kindheitstr\u00e4ume. Zum Einen durfte er in die Rolle des Zirkusdirektors im Circus William auf Usedom schl\u00fcpfen und dabei tausende G\u00e4ste begeistern sowie am W\u00f6rthersee in Velden den Hoteldirektor im Falkensteiner Schlosshotel mimen.<\/p>\n\n\n\n<p class=\"has-medium-font-size\">2025 beging er sein 40 j\u00e4hriges B\u00fchnenjubil\u00e4um, nachdem der offizielle Termin von Corona durchkreuzt wurde und ver\u00f6ffentlichte sein Jubil\u00e4umsalbum &#8222;Herzblut&#8220;.<\/p>\n\n\n\n<p> <\/p>\n","protected":false},"excerpt":{"rendered":"<p>Kay D\u00f6rfel steht seit \u00fcber 40 Jahren auf der B\u00fchne. Nachdem ihn sein F\u00f6rderer Heinz H\u00e4\u00dfner im September 1982 f\u00fcr den \u201eLilo Herrmann Chor\u201c entdeckte, machte er ihn kurze Zeit sp\u00e4ter zu dessen Solisten. Kay sang mit seiner glockenhellen Stimme und faszinierte alle. Im Laufe der Jahre durfte er zahlreiche Preise und Ehrungen entgegennehmen. Seinen gr\u00f6\u00dften Kindheits-Erfolg brachte ihm das Lied &#8222;Kleine wei\u00dfe Friedenstaube&#8220;, welches heute vom Text noch mehr Bedeutung hat denn je. Mit der Wende lernte Kay seinen neuen Mentor Dieter Wilsdorf kennen und wechselte zum Schlager. Bei einem seiner, schon damals zahlreichen Auftritte, hatte er das Gl\u00fcck, dass ein Bekannter des Flippers- Produzenten Karl-Heinz Rupprich ihn sah und ein paar Tage sp\u00e4ter den Kontakt herstellte. Die ersten eigenen Studioaufnahmen entstanden und es kam der erste Schallplattenvertrag bei Polygramm. Mit dem Album \u201eHallo mein Engel\u201c, welches 1996 ver\u00f6ffentlicht wurde, stand auf einmal ein ganz neuer Name oben am Schlagerhimmel: Kay D\u00f6rfel. Seitdem kann der sympathische S\u00e4nger, mit der gef\u00fchlvollen Stimme, auf jede Menge erfolgreiche LPs und Singles, sowie Auftritte und Gastspiele in TV-, Rundfunk- &amp; Tourneeproduktionen zur\u00fcckblicken, so u.a. beim Fernsehpreis \u201eWei\u00dfer L\u00f6we\u201c (MDR\/hr), dem \u201eSchlagerdiamanten\u201c (Super RTL), die &#8222;Aktuelle Schaubude&#8220; (NDR), &#8222;Achim\u00b4 s Hitparade&#8220; (MDR), &#8222;Die Alltagsk\u00e4mpfer&#8220; (RTL), &#8222;Die Fly &amp; Help-Gala&#8220; (SonnenklarTV) oder in \u201eMusik f\u00fcr Sie\u201c (MDR). Kay D\u00f6rfel konzipiert und produziert auch eigene TV-Formate, wie zum Beispiel die &#8222;SilvesterSause&#8220; (MyTVplus), &#8222;Schlager XXL&#8220; (Gute Laune TV) oder seine Sendung \u201eGoldene Schlager Juwelen\u201c (Gute Laune TV, SchlagerParadies TV). Seine Titel kommen nicht nur beim deutschsprachigen Publikum sehr gut an, denn auch in Belgien, Holland, \u00d6sterreich, Russland, den USA und Kanada begeistert das Th\u00fcringer Urgestein immer neue Fans mit seiner ehrlichen Musik. Mit unterschiedlichen B\u00fchnenprogrammen erfindet er sich stets neu und weckt Begeisterung bei Veranstaltern und Publikum. Seine Parodien, der ureigene Wortwitz und die einzigartige Spontanit\u00e4t, immer im direkten Kontakt zu seinem Publikum, machen ihn so sympathisch und unverwechselbar. Dazu kommen der hohe Widererkennungswert seiner sanften Stimme und die Leidenschaft f\u00fcr Musik in unserer ureigenen Muttersprache. \u00dcber den musikalischen Tellerrand hinaus zu blicken und vielseitig zu sein, ist stets sein Anspruch. Genau deshalb ist er neben dem Gesang auch als Texter und Komponist f\u00fcr Kollegen erfolgreich, wie u.a. mit dem Comeback-Hit von Lena Valaitis &#8222;Und ich rufe deinen Namen&#8220;, f\u00fcr Eberhard Hertel &#8222;Mit dir kam das Gl\u00fcck&#8220;, die Wildecker Herzbuben (&#8222;Kerle, wie wir&#8220;), &#8222;Das Leben ist ein Wunder&#8220; mit Anita Hegerland oder aber f\u00fcr den Sohn des \u00f6sterreichischen Superstars Waterloo, Ricky Berger (Rico), mit \u201eStumme Herzen\u201c. Zudem schrieb er zahlreiche Songs f\u00fcr Reiner Kirsten und auch das Duo &#8222;Die Freunde&#8220;. Als Produzent stand er u.a. Edward Simoni und auch Reality Star Manuel Flickinger schon zur Seite. Neben Gassenhauern und bekannten Hits kann Kay D\u00f6rfel auf ein eigenes Repertoire aus \u00fcber 7 Studioalben zur\u00fcckgreifen. Im Sommer 2022 erf\u00fcllte sich Kay 2 lang gehegte Kindheitstr\u00e4ume. Zum Einen durfte er in die Rolle des Zirkusdirektors im Circus William auf Usedom schl\u00fcpfen und dabei tausende G\u00e4ste begeistern sowie am W\u00f6rthersee in Velden den Hoteldirektor im Falkensteiner Schlosshotel mimen. 2025 beging er sein 40 j\u00e4hriges B\u00fchnenjubil\u00e4um, nachdem der offizielle Termin von Corona durchkreuzt wurde und ver\u00f6ffentlichte sein Jubil\u00e4umsalbum &#8222;Herzblut&#8220;.<\/p>\n","protected":false},"author":1,"featured_media":0,"parent":0,"menu_order":0,"comment_status":"closed","ping_status":"closed","template":"","meta":{"footnotes":""},"yoast_head":"<!-- This site is optimized with the Yoast SEO plugin v22.1 - https:\/\/yoast.com\/wordpress\/plugins\/seo\/ -->\n<title>\u00dcber Kay - Kay D\u00f6rfel<\/title>\n<meta name=\"robots\" content=\"index, follow, max-snippet:-1, max-image-preview:large, max-video-preview:-1\" \/>\n<link rel=\"canonical\" href=\"http:\/\/kaydoerfel.de\/?page_id=160\" \/>\n<meta property=\"og:locale\" content=\"de_DE\" \/>\n<meta property=\"og:type\" content=\"article\" \/>\n<meta property=\"og:title\" content=\"\u00dcber Kay - Kay D\u00f6rfel\" \/>\n<meta property=\"og:description\" content=\"Kay D\u00f6rfel steht seit \u00fcber 40 Jahren auf der B\u00fchne. Nachdem ihn sein F\u00f6rderer Heinz H\u00e4\u00dfner im September 1982 f\u00fcr den \u201eLilo Herrmann Chor\u201c entdeckte, machte er ihn kurze Zeit sp\u00e4ter zu dessen Solisten. Kay sang mit seiner glockenhellen Stimme und faszinierte alle. Im Laufe der Jahre durfte er zahlreiche Preise und Ehrungen entgegennehmen. Seinen gr\u00f6\u00dften Kindheits-Erfolg brachte ihm das Lied &#8222;Kleine wei\u00dfe Friedenstaube&#8220;, welches heute vom Text noch mehr Bedeutung hat denn je. Mit der Wende lernte Kay seinen neuen Mentor Dieter Wilsdorf kennen und wechselte zum Schlager. Bei einem seiner, schon damals zahlreichen Auftritte, hatte er das Gl\u00fcck, dass ein Bekannter des Flippers- Produzenten Karl-Heinz Rupprich ihn sah und ein paar Tage sp\u00e4ter den Kontakt herstellte. Die ersten eigenen Studioaufnahmen entstanden und es kam der erste Schallplattenvertrag bei Polygramm. Mit dem Album \u201eHallo mein Engel\u201c, welches 1996 ver\u00f6ffentlicht wurde, stand auf einmal ein ganz neuer Name oben am Schlagerhimmel: Kay D\u00f6rfel. Seitdem kann der sympathische S\u00e4nger, mit der gef\u00fchlvollen Stimme, auf jede Menge erfolgreiche LPs und Singles, sowie Auftritte und Gastspiele in TV-, Rundfunk- &amp; Tourneeproduktionen zur\u00fcckblicken, so u.a. beim Fernsehpreis \u201eWei\u00dfer L\u00f6we\u201c (MDR\/hr), dem \u201eSchlagerdiamanten\u201c (Super RTL), die &#8222;Aktuelle Schaubude&#8220; (NDR), &#8222;Achim\u00b4 s Hitparade&#8220; (MDR), &#8222;Die Alltagsk\u00e4mpfer&#8220; (RTL), &#8222;Die Fly &amp; Help-Gala&#8220; (SonnenklarTV) oder in \u201eMusik f\u00fcr Sie\u201c (MDR). Kay D\u00f6rfel konzipiert und produziert auch eigene TV-Formate, wie zum Beispiel die &#8222;SilvesterSause&#8220; (MyTVplus), &#8222;Schlager XXL&#8220; (Gute Laune TV) oder seine Sendung \u201eGoldene Schlager Juwelen\u201c (Gute Laune TV, SchlagerParadies TV). Seine Titel kommen nicht nur beim deutschsprachigen Publikum sehr gut an, denn auch in Belgien, Holland, \u00d6sterreich, Russland, den USA und Kanada begeistert das Th\u00fcringer Urgestein immer neue Fans mit seiner ehrlichen Musik. Mit unterschiedlichen B\u00fchnenprogrammen erfindet er sich stets neu und weckt Begeisterung bei Veranstaltern und Publikum. Seine Parodien, der ureigene Wortwitz und die einzigartige Spontanit\u00e4t, immer im direkten Kontakt zu seinem Publikum, machen ihn so sympathisch und unverwechselbar. Dazu kommen der hohe Widererkennungswert seiner sanften Stimme und die Leidenschaft f\u00fcr Musik in unserer ureigenen Muttersprache. \u00dcber den musikalischen Tellerrand hinaus zu blicken und vielseitig zu sein, ist stets sein Anspruch. Genau deshalb ist er neben dem Gesang auch als Texter und Komponist f\u00fcr Kollegen erfolgreich, wie u.a. mit dem Comeback-Hit von Lena Valaitis &#8222;Und ich rufe deinen Namen&#8220;, f\u00fcr Eberhard Hertel &#8222;Mit dir kam das Gl\u00fcck&#8220;, die Wildecker Herzbuben (&#8222;Kerle, wie wir&#8220;), &#8222;Das Leben ist ein Wunder&#8220; mit Anita Hegerland oder aber f\u00fcr den Sohn des \u00f6sterreichischen Superstars Waterloo, Ricky Berger (Rico), mit \u201eStumme Herzen\u201c. Zudem schrieb er zahlreiche Songs f\u00fcr Reiner Kirsten und auch das Duo &#8222;Die Freunde&#8220;. Als Produzent stand er u.a. Edward Simoni und auch Reality Star Manuel Flickinger schon zur Seite. Neben Gassenhauern und bekannten Hits kann Kay D\u00f6rfel auf ein eigenes Repertoire aus \u00fcber 7 Studioalben zur\u00fcckgreifen. Im Sommer 2022 erf\u00fcllte sich Kay 2 lang gehegte Kindheitstr\u00e4ume. Zum Einen durfte er in die Rolle des Zirkusdirektors im Circus William auf Usedom schl\u00fcpfen und dabei tausende G\u00e4ste begeistern sowie am W\u00f6rthersee in Velden den Hoteldirektor im Falkensteiner Schlosshotel mimen. 2025 beging er sein 40 j\u00e4hriges B\u00fchnenjubil\u00e4um, nachdem der offizielle Termin von Corona durchkreuzt wurde und ver\u00f6ffentlichte sein Jubil\u00e4umsalbum &#8222;Herzblut&#8220;.\" \/>\n<meta property=\"og:url\" content=\"http:\/\/kaydoerfel.de\/?page_id=160\" \/>\n<meta property=\"og:site_name\" content=\"Kay D\u00f6rfel\" \/>\n<meta property=\"article:modified_time\" content=\"2026-04-09T11:59:50+00:00\" \/>\n<meta name=\"twitter:card\" content=\"summary_large_image\" \/>\n<meta name=\"twitter:label1\" content=\"Gesch\u00e4tzte Lesezeit\" \/>\n\t<meta name=\"twitter:data1\" content=\"3\u00a0Minuten\" \/>\n<script type=\"application\/ld+json\" class=\"yoast-schema-graph\">{\"@context\":\"https:\/\/schema.org\",\"@graph\":[{\"@type\":\"WebPage\",\"@id\":\"http:\/\/kaydoerfel.de\/?page_id=160\",\"url\":\"http:\/\/kaydoerfel.de\/?page_id=160\",\"name\":\"\u00dcber Kay - Kay D\u00f6rfel\",\"isPartOf\":{\"@id\":\"http:\/\/kaydoerfel.de\/#website\"},\"datePublished\":\"2020-06-11T17:39:21+00:00\",\"dateModified\":\"2026-04-09T11:59:50+00:00\",\"breadcrumb\":{\"@id\":\"http:\/\/kaydoerfel.de\/?page_id=160#breadcrumb\"},\"inLanguage\":\"de\",\"potentialAction\":[{\"@type\":\"ReadAction\",\"target\":[\"http:\/\/kaydoerfel.de\/?page_id=160\"]}]},{\"@type\":\"BreadcrumbList\",\"@id\":\"http:\/\/kaydoerfel.de\/?page_id=160#breadcrumb\",\"itemListElement\":[{\"@type\":\"ListItem\",\"position\":1,\"name\":\"Startseite\",\"item\":\"http:\/\/kaydoerfel.de\/\"},{\"@type\":\"ListItem\",\"position\":2,\"name\":\"\u00dcber Kay\"}]},{\"@type\":\"WebSite\",\"@id\":\"http:\/\/kaydoerfel.de\/#website\",\"url\":\"http:\/\/kaydoerfel.de\/\",\"name\":\"Kay D\u00f6rfel\",\"description\":\"SYMPATHISCH - AUTHENTISCH - VIELSEITIG\",\"potentialAction\":[{\"@type\":\"SearchAction\",\"target\":{\"@type\":\"EntryPoint\",\"urlTemplate\":\"http:\/\/kaydoerfel.de\/?s={search_term_string}\"},\"query-input\":\"required name=search_term_string\"}],\"inLanguage\":\"de\"}]}<\/script>\n<!-- \/ Yoast SEO plugin. -->","yoast_head_json":{"title":"\u00dcber Kay - Kay D\u00f6rfel","robots":{"index":"index","follow":"follow","max-snippet":"max-snippet:-1","max-image-preview":"max-image-preview:large","max-video-preview":"max-video-preview:-1"},"canonical":"http:\/\/kaydoerfel.de\/?page_id=160","og_locale":"de_DE","og_type":"article","og_title":"\u00dcber Kay - Kay D\u00f6rfel","og_description":"Kay D\u00f6rfel steht seit \u00fcber 40 Jahren auf der B\u00fchne. Nachdem ihn sein F\u00f6rderer Heinz H\u00e4\u00dfner im September 1982 f\u00fcr den \u201eLilo Herrmann Chor\u201c entdeckte, machte er ihn kurze Zeit sp\u00e4ter zu dessen Solisten. Kay sang mit seiner glockenhellen Stimme und faszinierte alle. Im Laufe der Jahre durfte er zahlreiche Preise und Ehrungen entgegennehmen. Seinen gr\u00f6\u00dften Kindheits-Erfolg brachte ihm das Lied &#8222;Kleine wei\u00dfe Friedenstaube&#8220;, welches heute vom Text noch mehr Bedeutung hat denn je. Mit der Wende lernte Kay seinen neuen Mentor Dieter Wilsdorf kennen und wechselte zum Schlager. Bei einem seiner, schon damals zahlreichen Auftritte, hatte er das Gl\u00fcck, dass ein Bekannter des Flippers- Produzenten Karl-Heinz Rupprich ihn sah und ein paar Tage sp\u00e4ter den Kontakt herstellte. Die ersten eigenen Studioaufnahmen entstanden und es kam der erste Schallplattenvertrag bei Polygramm. Mit dem Album \u201eHallo mein Engel\u201c, welches 1996 ver\u00f6ffentlicht wurde, stand auf einmal ein ganz neuer Name oben am Schlagerhimmel: Kay D\u00f6rfel. Seitdem kann der sympathische S\u00e4nger, mit der gef\u00fchlvollen Stimme, auf jede Menge erfolgreiche LPs und Singles, sowie Auftritte und Gastspiele in TV-, Rundfunk- &amp; Tourneeproduktionen zur\u00fcckblicken, so u.a. beim Fernsehpreis \u201eWei\u00dfer L\u00f6we\u201c (MDR\/hr), dem \u201eSchlagerdiamanten\u201c (Super RTL), die &#8222;Aktuelle Schaubude&#8220; (NDR), &#8222;Achim\u00b4 s Hitparade&#8220; (MDR), &#8222;Die Alltagsk\u00e4mpfer&#8220; (RTL), &#8222;Die Fly &amp; Help-Gala&#8220; (SonnenklarTV) oder in \u201eMusik f\u00fcr Sie\u201c (MDR). Kay D\u00f6rfel konzipiert und produziert auch eigene TV-Formate, wie zum Beispiel die &#8222;SilvesterSause&#8220; (MyTVplus), &#8222;Schlager XXL&#8220; (Gute Laune TV) oder seine Sendung \u201eGoldene Schlager Juwelen\u201c (Gute Laune TV, SchlagerParadies TV). Seine Titel kommen nicht nur beim deutschsprachigen Publikum sehr gut an, denn auch in Belgien, Holland, \u00d6sterreich, Russland, den USA und Kanada begeistert das Th\u00fcringer Urgestein immer neue Fans mit seiner ehrlichen Musik. Mit unterschiedlichen B\u00fchnenprogrammen erfindet er sich stets neu und weckt Begeisterung bei Veranstaltern und Publikum. Seine Parodien, der ureigene Wortwitz und die einzigartige Spontanit\u00e4t, immer im direkten Kontakt zu seinem Publikum, machen ihn so sympathisch und unverwechselbar. Dazu kommen der hohe Widererkennungswert seiner sanften Stimme und die Leidenschaft f\u00fcr Musik in unserer ureigenen Muttersprache. \u00dcber den musikalischen Tellerrand hinaus zu blicken und vielseitig zu sein, ist stets sein Anspruch. Genau deshalb ist er neben dem Gesang auch als Texter und Komponist f\u00fcr Kollegen erfolgreich, wie u.a. mit dem Comeback-Hit von Lena Valaitis &#8222;Und ich rufe deinen Namen&#8220;, f\u00fcr Eberhard Hertel &#8222;Mit dir kam das Gl\u00fcck&#8220;, die Wildecker Herzbuben (&#8222;Kerle, wie wir&#8220;), &#8222;Das Leben ist ein Wunder&#8220; mit Anita Hegerland oder aber f\u00fcr den Sohn des \u00f6sterreichischen Superstars Waterloo, Ricky Berger (Rico), mit \u201eStumme Herzen\u201c. Zudem schrieb er zahlreiche Songs f\u00fcr Reiner Kirsten und auch das Duo &#8222;Die Freunde&#8220;. Als Produzent stand er u.a. Edward Simoni und auch Reality Star Manuel Flickinger schon zur Seite. Neben Gassenhauern und bekannten Hits kann Kay D\u00f6rfel auf ein eigenes Repertoire aus \u00fcber 7 Studioalben zur\u00fcckgreifen. Im Sommer 2022 erf\u00fcllte sich Kay 2 lang gehegte Kindheitstr\u00e4ume. Zum Einen durfte er in die Rolle des Zirkusdirektors im Circus William auf Usedom schl\u00fcpfen und dabei tausende G\u00e4ste begeistern sowie am W\u00f6rthersee in Velden den Hoteldirektor im Falkensteiner Schlosshotel mimen. 2025 beging er sein 40 j\u00e4hriges B\u00fchnenjubil\u00e4um, nachdem der offizielle Termin von Corona durchkreuzt wurde und ver\u00f6ffentlichte sein Jubil\u00e4umsalbum &#8222;Herzblut&#8220;.","og_url":"http:\/\/kaydoerfel.de\/?page_id=160","og_site_name":"Kay D\u00f6rfel","article_modified_time":"2026-04-09T11:59:50+00:00","twitter_card":"summary_large_image","twitter_misc":{"Gesch\u00e4tzte Lesezeit":"3\u00a0Minuten"},"schema":{"@context":"https:\/\/schema.org","@graph":[{"@type":"WebPage","@id":"http:\/\/kaydoerfel.de\/?page_id=160","url":"http:\/\/kaydoerfel.de\/?page_id=160","name":"\u00dcber Kay - Kay D\u00f6rfel","isPartOf":{"@id":"http:\/\/kaydoerfel.de\/#website"},"datePublished":"2020-06-11T17:39:21+00:00","dateModified":"2026-04-09T11:59:50+00:00","breadcrumb":{"@id":"http:\/\/kaydoerfel.de\/?page_id=160#breadcrumb"},"inLanguage":"de","potentialAction":[{"@type":"ReadAction","target":["http:\/\/kaydoerfel.de\/?page_id=160"]}]},{"@type":"BreadcrumbList","@id":"http:\/\/kaydoerfel.de\/?page_id=160#breadcrumb","itemListElement":[{"@type":"ListItem","position":1,"name":"Startseite","item":"http:\/\/kaydoerfel.de\/"},{"@type":"ListItem","position":2,"name":"\u00dcber Kay"}]},{"@type":"WebSite","@id":"http:\/\/kaydoerfel.de\/#website","url":"http:\/\/kaydoerfel.de\/","name":"Kay D\u00f6rfel","description":"SYMPATHISCH - AUTHENTISCH - VIELSEITIG","potentialAction":[{"@type":"SearchAction","target":{"@type":"EntryPoint","urlTemplate":"http:\/\/kaydoerfel.de\/?s={search_term_string}"},"query-input":"required name=search_term_string"}],"inLanguage":"de"}]}},"_links":{"self":[{"href":"http:\/\/kaydoerfel.de\/index.php?rest_route=\/wp\/v2\/pages\/160"}],"collection":[{"href":"http:\/\/kaydoerfel.de\/index.php?rest_route=\/wp\/v2\/pages"}],"about":[{"href":"http:\/\/kaydoerfel.de\/index.php?rest_route=\/wp\/v2\/types\/page"}],"author":[{"embeddable":true,"href":"http:\/\/kaydoerfel.de\/index.php?rest_route=\/wp\/v2\/users\/1"}],"replies":[{"embeddable":true,"href":"http:\/\/kaydoerfel.de\/index.php?rest_route=%2Fwp%2Fv2%2Fcomments&post=160"}],"version-history":[{"count":9,"href":"http:\/\/kaydoerfel.de\/index.php?rest_route=\/wp\/v2\/pages\/160\/revisions"}],"predecessor-version":[{"id":688,"href":"http:\/\/kaydoerfel.de\/index.php?rest_route=\/wp\/v2\/pages\/160\/revisions\/688"}],"wp:attachment":[{"href":"http:\/\/kaydoerfel.de\/index.php?rest_route=%2Fwp%2Fv2%2Fmedia&parent=160"}],"curies":[{"name":"wp","href":"https:\/\/api.w.org\/{rel}","templated":true}]}}