{"id":15,"date":"2020-04-26T18:43:09","date_gmt":"2020-04-26T18:43:09","guid":{"rendered":"http:\/\/kaydoerfel.de\/?page_id=15"},"modified":"2026-04-09T11:49:28","modified_gmt":"2026-04-09T11:49:28","slug":"aktuelles","status":"publish","type":"page","link":"https:\/\/kaydoerfel.de\/","title":{"rendered":"Aktuelles"},"content":{"rendered":"\n<p><\/p>\n\n\n\n<p class=\"has-medium-font-size\">Liebe Fans, liebe Besucher,<\/p>\n\n\n\n<p class=\"has-medium-font-size\">sch\u00f6n, dass Ihr den Weg auf meine Internet-Seite gefunden habt. <\/p>\n\n\n\n<p class=\"has-medium-font-size\">Ich freue mich \u00fcber jede noch so kleine Unterst\u00fctzung meiner Arbeit, denn die Fans sind das R\u00fcckgrat eines jeden K\u00fcnstlers und die Veranstalter die n\u00f6tige Basis f\u00fcr die Pr\u00e4sentation. Deshalb ist es unglaublich wichtig, die Fans zu sch\u00e4tzen und mit den Veranstaltern auf Augenh\u00f6he zu stehen.<\/p>\n\n\n\n<p class=\"has-medium-font-size\">Da ich pandemiebedingt mein B\u00fchnenjubil\u00e4um nicht feiern konnte, steht nun auch das Jahr 2026 unter dem Motto &#8222;40 Jahre B\u00fchne&#8220; und dazu passt mein aktuelles Studio-Album &#8222;Herzblut&#8220; mit vielen neuen Songs und dem Herzblut-Remix von &#8222;Rosenzeit&#8220;.<\/p>\n\n\n\n<p><\/p>\n\n\n\n<div class=\"wp-block-group is-nowrap is-layout-flex wp-container-core-group-layout-1 wp-block-group-is-layout-flex\">\n<div class=\"wp-block-columns is-layout-flex wp-container-core-columns-layout-2 wp-block-columns-is-layout-flex\">\n<div class=\"wp-block-column is-layout-flow wp-block-column-is-layout-flow\" style=\"flex-basis:100%\">\n<div class=\"wp-block-columns is-layout-flex wp-container-core-columns-layout-1 wp-block-columns-is-layout-flex\">\n<div class=\"wp-block-column is-layout-flow wp-block-column-is-layout-flow\" style=\"flex-basis:100%\">\n<figure class=\"wp-block-gallery aligncenter has-nested-images columns-default is-cropped wp-block-gallery-1 is-layout-flex wp-block-gallery-is-layout-flex\">\n<figure class=\"wp-block-image size-medium is-style-default\"><img loading=\"lazy\" decoding=\"async\" width=\"300\" height=\"270\" src=\"http:\/\/kaydoerfel.de\/wp-content\/uploads\/2025\/09\/LP-HERZBLUT-KAY-DOeRFEL-COVER-Front-PR-300x270.jpg\" alt=\"\" class=\"wp-image-648\" srcset=\"https:\/\/kaydoerfel.de\/wp-content\/uploads\/2025\/09\/LP-HERZBLUT-KAY-DOeRFEL-COVER-Front-PR-300x270.jpg 300w, https:\/\/kaydoerfel.de\/wp-content\/uploads\/2025\/09\/LP-HERZBLUT-KAY-DOeRFEL-COVER-Front-PR-1024x922.jpg 1024w, https:\/\/kaydoerfel.de\/wp-content\/uploads\/2025\/09\/LP-HERZBLUT-KAY-DOeRFEL-COVER-Front-PR-768x691.jpg 768w, https:\/\/kaydoerfel.de\/wp-content\/uploads\/2025\/09\/LP-HERZBLUT-KAY-DOeRFEL-COVER-Front-PR-1536x1383.jpg 1536w, https:\/\/kaydoerfel.de\/wp-content\/uploads\/2025\/09\/LP-HERZBLUT-KAY-DOeRFEL-COVER-Front-PR-2048x1843.jpg 2048w, https:\/\/kaydoerfel.de\/wp-content\/uploads\/2025\/09\/LP-HERZBLUT-KAY-DOeRFEL-COVER-Front-PR-1140x1026.jpg 1140w\" sizes=\"(max-width: 300px) 100vw, 300px\" \/><\/figure>\n\n\n\n<figure class=\"wp-block-image size-large\"><img loading=\"lazy\" decoding=\"async\" width=\"1024\" height=\"914\" src=\"https:\/\/kaydoerfel.de\/wp-content\/uploads\/2025\/09\/Credits-RUeCKSEITE-aussen-MITTE-1024x914.jpg\" alt=\"\" class=\"wp-image-649\" srcset=\"https:\/\/kaydoerfel.de\/wp-content\/uploads\/2025\/09\/Credits-RUeCKSEITE-aussen-MITTE-1024x914.jpg 1024w, https:\/\/kaydoerfel.de\/wp-content\/uploads\/2025\/09\/Credits-RUeCKSEITE-aussen-MITTE-300x268.jpg 300w, https:\/\/kaydoerfel.de\/wp-content\/uploads\/2025\/09\/Credits-RUeCKSEITE-aussen-MITTE-768x685.jpg 768w, https:\/\/kaydoerfel.de\/wp-content\/uploads\/2025\/09\/Credits-RUeCKSEITE-aussen-MITTE-1536x1371.jpg 1536w, https:\/\/kaydoerfel.de\/wp-content\/uploads\/2025\/09\/Credits-RUeCKSEITE-aussen-MITTE-1140x1017.jpg 1140w, https:\/\/kaydoerfel.de\/wp-content\/uploads\/2025\/09\/Credits-RUeCKSEITE-aussen-MITTE.jpg 1654w\" sizes=\"(max-width: 1024px) 100vw, 1024px\" \/><\/figure>\n<\/figure>\n<\/div>\n<\/div>\n<\/div>\n<\/div>\n<\/div>\n\n\n\n<p class=\"has-medium-font-size\">Der Winter ist vorbei und die Natur beginnt sich h\u00fcbsch zu machen. Wir konnten schon die ersten Sonnenstrahlen genie\u00dfen und in K\u00fcrze wird auch angegrillt. Schaut immer mal wieder vorbei, um die aktuellen News zu erfahren. Ansonsten k\u00f6nnt Ihr mir auch auf Insta und Facebook folgen.<\/p>\n\n\n\n<p class=\"has-medium-font-size\">Euch eine sch\u00f6ne Zeit, bleibt alle gesund und meiner Musik treu.<br><br>Euer<\/p>\n\n\n\n<figure class=\"wp-block-image size-large\"><img loading=\"lazy\" decoding=\"async\" width=\"131\" height=\"68\" src=\"http:\/\/kaydoerfel.de\/wp-content\/uploads\/2020\/04\/Unterschrift_grau.jpg\" alt=\"\" class=\"wp-image-16\"\/><\/figure>\n\n\n\n<p><\/p>\n","protected":false},"excerpt":{"rendered":"<p>Liebe Fans, liebe Besucher, sch\u00f6n, dass Ihr den Weg auf meine Internet-Seite gefunden habt. Ich freue mich \u00fcber jede noch so kleine Unterst\u00fctzung meiner Arbeit, denn die Fans sind das R\u00fcckgrat eines jeden K\u00fcnstlers und die Veranstalter die n\u00f6tige Basis f\u00fcr die Pr\u00e4sentation. Deshalb ist es unglaublich wichtig, die Fans zu sch\u00e4tzen und mit den Veranstaltern auf Augenh\u00f6he zu stehen. Da ich pandemiebedingt mein B\u00fchnenjubil\u00e4um nicht feiern konnte, steht nun auch das Jahr 2026 unter dem Motto &#8222;40 Jahre B\u00fchne&#8220; und dazu passt mein aktuelles Studio-Album &#8222;Herzblut&#8220; mit vielen neuen Songs und dem Herzblut-Remix von &#8222;Rosenzeit&#8220;. Der Winter ist vorbei und die Natur beginnt sich h\u00fcbsch zu machen. Wir konnten schon die ersten Sonnenstrahlen genie\u00dfen und in K\u00fcrze wird auch angegrillt. Schaut immer mal wieder vorbei, um die aktuellen News zu erfahren. Ansonsten k\u00f6nnt Ihr mir auch auf Insta und Facebook folgen. Euch eine sch\u00f6ne Zeit, bleibt alle gesund und meiner Musik treu. Euer<\/p>\n","protected":false},"author":1,"featured_media":0,"parent":0,"menu_order":0,"comment_status":"closed","ping_status":"closed","template":"","meta":{"footnotes":""},"yoast_head":"<!-- This site is optimized with the Yoast SEO plugin v22.1 - https:\/\/yoast.com\/wordpress\/plugins\/seo\/ -->\n<title>Aktuelles - Kay D\u00f6rfel<\/title>\n<meta name=\"robots\" content=\"index, follow, max-snippet:-1, max-image-preview:large, max-video-preview:-1\" \/>\n<link rel=\"canonical\" href=\"http:\/\/kaydoerfel.de\/\" \/>\n<meta property=\"og:locale\" content=\"de_DE\" \/>\n<meta property=\"og:type\" content=\"article\" \/>\n<meta property=\"og:title\" content=\"Aktuelles - Kay D\u00f6rfel\" \/>\n<meta property=\"og:description\" content=\"Liebe Fans, liebe Besucher, sch\u00f6n, dass Ihr den Weg auf meine Internet-Seite gefunden habt. Ich freue mich \u00fcber jede noch so kleine Unterst\u00fctzung meiner Arbeit, denn die Fans sind das R\u00fcckgrat eines jeden K\u00fcnstlers und die Veranstalter die n\u00f6tige Basis f\u00fcr die Pr\u00e4sentation. Deshalb ist es unglaublich wichtig, die Fans zu sch\u00e4tzen und mit den Veranstaltern auf Augenh\u00f6he zu stehen. Da ich pandemiebedingt mein B\u00fchnenjubil\u00e4um nicht feiern konnte, steht nun auch das Jahr 2026 unter dem Motto &#8222;40 Jahre B\u00fchne&#8220; und dazu passt mein aktuelles Studio-Album &#8222;Herzblut&#8220; mit vielen neuen Songs und dem Herzblut-Remix von &#8222;Rosenzeit&#8220;. Der Winter ist vorbei und die Natur beginnt sich h\u00fcbsch zu machen. Wir konnten schon die ersten Sonnenstrahlen genie\u00dfen und in K\u00fcrze wird auch angegrillt. Schaut immer mal wieder vorbei, um die aktuellen News zu erfahren. Ansonsten k\u00f6nnt Ihr mir auch auf Insta und Facebook folgen. Euch eine sch\u00f6ne Zeit, bleibt alle gesund und meiner Musik treu. Euer\" \/>\n<meta property=\"og:url\" content=\"http:\/\/kaydoerfel.de\/\" \/>\n<meta property=\"og:site_name\" content=\"Kay D\u00f6rfel\" \/>\n<meta property=\"article:modified_time\" content=\"2026-04-09T11:49:28+00:00\" \/>\n<meta property=\"og:image\" content=\"http:\/\/kaydoerfel.de\/wp-content\/uploads\/2025\/09\/LP-HERZBLUT-KAY-DOeRFEL-COVER-Front-PR-300x270.jpg\" \/>\n<meta name=\"twitter:card\" content=\"summary_large_image\" \/>\n<meta name=\"twitter:label1\" content=\"Gesch\u00e4tzte Lesezeit\" \/>\n\t<meta name=\"twitter:data1\" content=\"2\u00a0Minuten\" \/>\n<script type=\"application\/ld+json\" class=\"yoast-schema-graph\">{\"@context\":\"https:\/\/schema.org\",\"@graph\":[{\"@type\":\"WebPage\",\"@id\":\"http:\/\/kaydoerfel.de\/\",\"url\":\"http:\/\/kaydoerfel.de\/\",\"name\":\"Aktuelles - Kay D\u00f6rfel\",\"isPartOf\":{\"@id\":\"http:\/\/kaydoerfel.de\/#website\"},\"datePublished\":\"2020-04-26T18:43:09+00:00\",\"dateModified\":\"2026-04-09T11:49:28+00:00\",\"breadcrumb\":{\"@id\":\"http:\/\/kaydoerfel.de\/#breadcrumb\"},\"inLanguage\":\"de\",\"potentialAction\":[{\"@type\":\"ReadAction\",\"target\":[\"http:\/\/kaydoerfel.de\/\"]}]},{\"@type\":\"BreadcrumbList\",\"@id\":\"http:\/\/kaydoerfel.de\/#breadcrumb\",\"itemListElement\":[{\"@type\":\"ListItem\",\"position\":1,\"name\":\"Startseite\",\"item\":\"http:\/\/kaydoerfel.de\/\"},{\"@type\":\"ListItem\",\"position\":2,\"name\":\"Aktuelles\"}]},{\"@type\":\"WebSite\",\"@id\":\"http:\/\/kaydoerfel.de\/#website\",\"url\":\"http:\/\/kaydoerfel.de\/\",\"name\":\"Kay D\u00f6rfel\",\"description\":\"SYMPATHISCH - AUTHENTISCH - VIELSEITIG\",\"potentialAction\":[{\"@type\":\"SearchAction\",\"target\":{\"@type\":\"EntryPoint\",\"urlTemplate\":\"http:\/\/kaydoerfel.de\/?s={search_term_string}\"},\"query-input\":\"required name=search_term_string\"}],\"inLanguage\":\"de\"}]}<\/script>\n<!-- \/ Yoast SEO plugin. -->","yoast_head_json":{"title":"Aktuelles - Kay D\u00f6rfel","robots":{"index":"index","follow":"follow","max-snippet":"max-snippet:-1","max-image-preview":"max-image-preview:large","max-video-preview":"max-video-preview:-1"},"canonical":"http:\/\/kaydoerfel.de\/","og_locale":"de_DE","og_type":"article","og_title":"Aktuelles - Kay D\u00f6rfel","og_description":"Liebe Fans, liebe Besucher, sch\u00f6n, dass Ihr den Weg auf meine Internet-Seite gefunden habt. Ich freue mich \u00fcber jede noch so kleine Unterst\u00fctzung meiner Arbeit, denn die Fans sind das R\u00fcckgrat eines jeden K\u00fcnstlers und die Veranstalter die n\u00f6tige Basis f\u00fcr die Pr\u00e4sentation. Deshalb ist es unglaublich wichtig, die Fans zu sch\u00e4tzen und mit den Veranstaltern auf Augenh\u00f6he zu stehen. Da ich pandemiebedingt mein B\u00fchnenjubil\u00e4um nicht feiern konnte, steht nun auch das Jahr 2026 unter dem Motto &#8222;40 Jahre B\u00fchne&#8220; und dazu passt mein aktuelles Studio-Album &#8222;Herzblut&#8220; mit vielen neuen Songs und dem Herzblut-Remix von &#8222;Rosenzeit&#8220;. Der Winter ist vorbei und die Natur beginnt sich h\u00fcbsch zu machen. Wir konnten schon die ersten Sonnenstrahlen genie\u00dfen und in K\u00fcrze wird auch angegrillt. Schaut immer mal wieder vorbei, um die aktuellen News zu erfahren. Ansonsten k\u00f6nnt Ihr mir auch auf Insta und Facebook folgen. Euch eine sch\u00f6ne Zeit, bleibt alle gesund und meiner Musik treu. Euer","og_url":"http:\/\/kaydoerfel.de\/","og_site_name":"Kay D\u00f6rfel","article_modified_time":"2026-04-09T11:49:28+00:00","og_image":[{"url":"http:\/\/kaydoerfel.de\/wp-content\/uploads\/2025\/09\/LP-HERZBLUT-KAY-DOeRFEL-COVER-Front-PR-300x270.jpg"}],"twitter_card":"summary_large_image","twitter_misc":{"Gesch\u00e4tzte Lesezeit":"2\u00a0Minuten"},"schema":{"@context":"https:\/\/schema.org","@graph":[{"@type":"WebPage","@id":"http:\/\/kaydoerfel.de\/","url":"http:\/\/kaydoerfel.de\/","name":"Aktuelles - Kay D\u00f6rfel","isPartOf":{"@id":"http:\/\/kaydoerfel.de\/#website"},"datePublished":"2020-04-26T18:43:09+00:00","dateModified":"2026-04-09T11:49:28+00:00","breadcrumb":{"@id":"http:\/\/kaydoerfel.de\/#breadcrumb"},"inLanguage":"de","potentialAction":[{"@type":"ReadAction","target":["http:\/\/kaydoerfel.de\/"]}]},{"@type":"BreadcrumbList","@id":"http:\/\/kaydoerfel.de\/#breadcrumb","itemListElement":[{"@type":"ListItem","position":1,"name":"Startseite","item":"http:\/\/kaydoerfel.de\/"},{"@type":"ListItem","position":2,"name":"Aktuelles"}]},{"@type":"WebSite","@id":"http:\/\/kaydoerfel.de\/#website","url":"http:\/\/kaydoerfel.de\/","name":"Kay D\u00f6rfel","description":"SYMPATHISCH - AUTHENTISCH - VIELSEITIG","potentialAction":[{"@type":"SearchAction","target":{"@type":"EntryPoint","urlTemplate":"http:\/\/kaydoerfel.de\/?s={search_term_string}"},"query-input":"required name=search_term_string"}],"inLanguage":"de"}]}},"_links":{"self":[{"href":"https:\/\/kaydoerfel.de\/index.php?rest_route=\/wp\/v2\/pages\/15"}],"collection":[{"href":"https:\/\/kaydoerfel.de\/index.php?rest_route=\/wp\/v2\/pages"}],"about":[{"href":"https:\/\/kaydoerfel.de\/index.php?rest_route=\/wp\/v2\/types\/page"}],"author":[{"embeddable":true,"href":"https:\/\/kaydoerfel.de\/index.php?rest_route=\/wp\/v2\/users\/1"}],"replies":[{"embeddable":true,"href":"https:\/\/kaydoerfel.de\/index.php?rest_route=%2Fwp%2Fv2%2Fcomments&post=15"}],"version-history":[{"count":34,"href":"https:\/\/kaydoerfel.de\/index.php?rest_route=\/wp\/v2\/pages\/15\/revisions"}],"predecessor-version":[{"id":684,"href":"https:\/\/kaydoerfel.de\/index.php?rest_route=\/wp\/v2\/pages\/15\/revisions\/684"}],"wp:attachment":[{"href":"https:\/\/kaydoerfel.de\/index.php?rest_route=%2Fwp%2Fv2%2Fmedia&parent=15"}],"curies":[{"name":"wp","href":"https:\/\/api.w.org\/{rel}","templated":true}]}}