{"id":258,"date":"2020-07-14T18:59:06","date_gmt":"2020-07-14T18:59:06","guid":{"rendered":"http:\/\/kaydoerfel.de\/?page_id=258"},"modified":"2024-02-29T14:18:00","modified_gmt":"2024-02-29T14:18:00","slug":"258-2","status":"publish","type":"page","link":"https:\/\/kaydoerfel.de\/?page_id=258","title":{"rendered":"Goldene Schlager Juwelen"},"content":{"rendered":"\n<h2 class=\"wp-block-heading has-text-align-center\">Deutsche Hits und Ihre Geschichte<\/h2>\n\n\n\n<p><\/p>\n\n\n\n<h3 class=\"wp-block-heading has-text-align-center has-medium-font-size\"><br>Die Sendung auf &#8222;GuteLauneTV&#8220;<\/h3>\n\n\n\n<p class=\"has-text-align-center has-medium-font-size\"><a href=\"https:\/\/www.gutelaunetv.de\/programm\/highlights\/details\/goldene-schlager-juwelen.html\">https:\/\/www.gutelaunetv.de\/programm\/highlights\/details\/goldene-schlager-juwelen.html<\/a><\/p>\n\n\n\n<p class=\"has-text-align-center has-medium-font-size\">Es gibt nach wie vor zahlreiche Sendungen im Fernsehen und auch diverse Musiksendungen. Doch keine Fernsehshow kn\u00fcpft an Sendungen aus der \u201eguten alten Zeit an\u201c, die gro\u00dfe Erfolge von Interpreten n\u00e4her beleuchten. In den \u201eg\u00e4ngigen\u201c aktuellen Formaten geben sich immer dieselben Kollegen die Klinke in die Hand.<\/p>\n\n\n\n<p class=\"has-text-align-center has-medium-font-size\">Mit der TV-Produktion \u201eGoldene Schlager Juwelen\u201c stellt Kay D\u00f6rfel gro\u00dfe Titel der deutschsprachigen Musik in den Fokus und plaudert mit den Originalstars dazu aus dem N\u00e4hk\u00e4stchen.<\/p>\n\n\n\n<p class=\"has-text-align-center has-medium-font-size\"><strong>Premiere dieser neuen Sendereihe war, mitten in der Pandemie, am 04.03.2021 auf  GuteLauneTV.<\/strong><\/p>\n\n\n\n<p class=\"has-text-align-center has-medium-font-size\"><strong>Seit 2022 l\u00e4uft die Sendung auch erfolgreich auf dem neuen TV-Sender &#8222;SchlagerParadies TV&#8220;<\/strong> <strong>und es laufen Verhandlungen, u.a. mit der Mediengruppe &#8222;Folx Television&#8220; aus Slowenien. <\/strong><\/p>\n\n\n\n<p class=\"has-medium-font-size\"><\/p>\n\n\n\n<p class=\"has-text-align-center has-medium-font-size\">In der ersten Sendung begr\u00fc\u00dfte Kay neben dem Panfl\u00f6tenvirtuosen Edward Simoni, den ehemaligen Thomaner Hans-J\u00fcrgen Beyer, Birgit Langer (&#8222;Fernando Express&#8220;), Randolph Rose und das Sachsenkind Friedlinde. Dazu wurden das historische Gasthaus &#8222;Zur Kanone&#8220; in Tautenhain vorgestellt und das traditionelle &#8222;Kanonenlied&#8220; angestimmt.<\/p>\n\n\n\n<p class=\"has-medium-font-size\">Folge 2 bestritten u.a. die &#8222;Randfichten&#8220;, Uwe Jensen, Gerda Gabriel und auch die &#8222;Wildecker Herzbuben&#8220; sorgten f\u00fcr ausgelassene Stimmung.<\/p>\n\n\n\n<p class=\"has-medium-font-size\"><\/p>\n\n\n\n<p class=\"has-medium-font-size\">Aktuell arbeiten wir an einer weiteren TV-Aufzeichnung, die u.a. die den gro\u00dfen Hit der Puhdys &#8222;Alt wie Baum&#8220; und andere Gassenhauer wieder in den rechten Fokus r\u00fcckt.<\/p>\n\n\n\n<p class=\"has-medium-font-size\"> <a href=\"https:\/\/www.youtube.com\/redirect?event=video_description&amp;redir_token=QUFFLUhqbmNOUlRpVm5feG1KT3FGNDN1UkVTeU42WHdnZ3xBQ3Jtc0trTEk1RXNlU0JzdnlFY1pFenZKdVlsdjJkM0tFd3hQQVB5SFI1NzBzQW13QjBmUEthRDE5elYzR3hOclpIdjJZSUhkTVlLX0JZOTRLUHlURnNiMTZ6TVh2aFdxRHdpLVJ4MjFQYVhRcng3TFkxeDNOMA&amp;q=https%3A%2F%2Fwww.stimmungszeit.com%2F&amp;v=Njfdh2LR37w\" target=\"_blank\" rel=\"noreferrer noopener\">https:\/\/www.schlagerjuwelen.de<\/a> <\/p>\n\n\n<div class=\"wp-block-image\">\n<figure class=\"aligncenter size-large\"><img loading=\"lazy\" decoding=\"async\" width=\"1024\" height=\"512\" src=\"http:\/\/kaydoerfel.de\/wp-content\/uploads\/2020\/09\/29bc54c7-dd90-4efb-9161-cb010c2e25bc-1024x512.jpg\" alt=\"\" class=\"wp-image-360\" srcset=\"https:\/\/kaydoerfel.de\/wp-content\/uploads\/2020\/09\/29bc54c7-dd90-4efb-9161-cb010c2e25bc-1024x512.jpg 1024w, https:\/\/kaydoerfel.de\/wp-content\/uploads\/2020\/09\/29bc54c7-dd90-4efb-9161-cb010c2e25bc-300x150.jpg 300w, https:\/\/kaydoerfel.de\/wp-content\/uploads\/2020\/09\/29bc54c7-dd90-4efb-9161-cb010c2e25bc-768x384.jpg 768w, https:\/\/kaydoerfel.de\/wp-content\/uploads\/2020\/09\/29bc54c7-dd90-4efb-9161-cb010c2e25bc-1536x768.jpg 1536w, https:\/\/kaydoerfel.de\/wp-content\/uploads\/2020\/09\/29bc54c7-dd90-4efb-9161-cb010c2e25bc-1080x540.jpg 1080w, https:\/\/kaydoerfel.de\/wp-content\/uploads\/2020\/09\/29bc54c7-dd90-4efb-9161-cb010c2e25bc-1140x570.jpg 1140w, https:\/\/kaydoerfel.de\/wp-content\/uploads\/2020\/09\/29bc54c7-dd90-4efb-9161-cb010c2e25bc.jpg 1600w\" sizes=\"(max-width: 1024px) 100vw, 1024px\" \/><figcaption class=\"wp-element-caption\">Finale Sendung 1<\/figcaption><\/figure><\/div>\n\n<div class=\"wp-block-image\">\n<figure class=\"aligncenter size-large\"><img loading=\"lazy\" decoding=\"async\" width=\"1024\" height=\"512\" src=\"http:\/\/kaydoerfel.de\/wp-content\/uploads\/2020\/09\/47fafee4-8be7-4810-8478-bbadf738d8bd-1024x512.jpg\" alt=\"\" class=\"wp-image-359\" srcset=\"https:\/\/kaydoerfel.de\/wp-content\/uploads\/2020\/09\/47fafee4-8be7-4810-8478-bbadf738d8bd-1024x512.jpg 1024w, https:\/\/kaydoerfel.de\/wp-content\/uploads\/2020\/09\/47fafee4-8be7-4810-8478-bbadf738d8bd-300x150.jpg 300w, https:\/\/kaydoerfel.de\/wp-content\/uploads\/2020\/09\/47fafee4-8be7-4810-8478-bbadf738d8bd-768x384.jpg 768w, https:\/\/kaydoerfel.de\/wp-content\/uploads\/2020\/09\/47fafee4-8be7-4810-8478-bbadf738d8bd-1536x768.jpg 1536w, https:\/\/kaydoerfel.de\/wp-content\/uploads\/2020\/09\/47fafee4-8be7-4810-8478-bbadf738d8bd-1080x540.jpg 1080w, https:\/\/kaydoerfel.de\/wp-content\/uploads\/2020\/09\/47fafee4-8be7-4810-8478-bbadf738d8bd-1140x570.jpg 1140w, https:\/\/kaydoerfel.de\/wp-content\/uploads\/2020\/09\/47fafee4-8be7-4810-8478-bbadf738d8bd.jpg 1600w\" sizes=\"(max-width: 1024px) 100vw, 1024px\" \/><figcaption class=\"wp-element-caption\">Finale Sendung 2<br><\/figcaption><\/figure><\/div>\n\n<div class=\"wp-block-image\">\n<figure class=\"aligncenter size-large\"><img loading=\"lazy\" decoding=\"async\" width=\"1000\" height=\"295\" src=\"http:\/\/kaydoerfel.de\/wp-content\/uploads\/2020\/07\/schlagerjuwelen-1.jpg\" alt=\"\" class=\"wp-image-261\" srcset=\"https:\/\/kaydoerfel.de\/wp-content\/uploads\/2020\/07\/schlagerjuwelen-1.jpg 1000w, https:\/\/kaydoerfel.de\/wp-content\/uploads\/2020\/07\/schlagerjuwelen-1-300x89.jpg 300w, https:\/\/kaydoerfel.de\/wp-content\/uploads\/2020\/07\/schlagerjuwelen-1-768x227.jpg 768w\" sizes=\"(max-width: 1000px) 100vw, 1000px\" \/><\/figure><\/div>\n\n\n<p class=\"has-text-align-center\">Aktuell laufen auch Verhandlungen zu neuen Aufzeichnungen mit diversen K\u00fcnstlern und Locations.<\/p>\n\n\n\n<p><\/p>\n","protected":false},"excerpt":{"rendered":"<p>Deutsche Hits und Ihre Geschichte Die Sendung auf &#8222;GuteLauneTV&#8220; https:\/\/www.gutelaunetv.de\/programm\/highlights\/details\/goldene-schlager-juwelen.html Es gibt nach wie vor zahlreiche Sendungen im Fernsehen und auch diverse Musiksendungen. Doch keine Fernsehshow kn\u00fcpft an Sendungen aus der \u201eguten alten Zeit an\u201c, die gro\u00dfe Erfolge von Interpreten n\u00e4her beleuchten. In den \u201eg\u00e4ngigen\u201c aktuellen Formaten geben sich immer dieselben Kollegen die Klinke in die Hand. Mit der TV-Produktion \u201eGoldene Schlager Juwelen\u201c stellt Kay D\u00f6rfel gro\u00dfe Titel der deutschsprachigen Musik in den Fokus und plaudert mit den Originalstars dazu aus dem N\u00e4hk\u00e4stchen. Premiere dieser neuen Sendereihe war, mitten in der Pandemie, am 04.03.2021 auf GuteLauneTV. Seit 2022 l\u00e4uft die Sendung auch erfolgreich auf dem neuen TV-Sender &#8222;SchlagerParadies TV&#8220; und es laufen Verhandlungen, u.a. mit der Mediengruppe &#8222;Folx Television&#8220; aus Slowenien. In der ersten Sendung begr\u00fc\u00dfte Kay neben dem Panfl\u00f6tenvirtuosen Edward Simoni, den ehemaligen Thomaner Hans-J\u00fcrgen Beyer, Birgit Langer (&#8222;Fernando Express&#8220;), Randolph Rose und das Sachsenkind Friedlinde. Dazu wurden das historische Gasthaus &#8222;Zur Kanone&#8220; in Tautenhain vorgestellt und das traditionelle &#8222;Kanonenlied&#8220; angestimmt. Folge 2 bestritten u.a. die &#8222;Randfichten&#8220;, Uwe Jensen, Gerda Gabriel und auch die &#8222;Wildecker Herzbuben&#8220; sorgten f\u00fcr ausgelassene Stimmung. Aktuell arbeiten wir an einer weiteren TV-Aufzeichnung, die u.a. die den gro\u00dfen Hit der Puhdys &#8222;Alt wie Baum&#8220; und andere Gassenhauer wieder in den rechten Fokus r\u00fcckt. https:\/\/www.schlagerjuwelen.de Aktuell laufen auch Verhandlungen zu neuen Aufzeichnungen mit diversen K\u00fcnstlern und Locations.<\/p>\n","protected":false},"author":1,"featured_media":0,"parent":0,"menu_order":0,"comment_status":"closed","ping_status":"closed","template":"","meta":{"footnotes":""},"yoast_head":"<!-- This site is optimized with the Yoast SEO plugin v22.1 - https:\/\/yoast.com\/wordpress\/plugins\/seo\/ -->\n<title>Goldene Schlager Juwelen - Kay D\u00f6rfel<\/title>\n<meta name=\"robots\" content=\"index, follow, max-snippet:-1, max-image-preview:large, max-video-preview:-1\" \/>\n<link rel=\"canonical\" href=\"https:\/\/kaydoerfel.de\/?page_id=258\" \/>\n<meta property=\"og:locale\" content=\"de_DE\" \/>\n<meta property=\"og:type\" content=\"article\" \/>\n<meta property=\"og:title\" content=\"Goldene Schlager Juwelen - Kay D\u00f6rfel\" \/>\n<meta property=\"og:description\" content=\"Deutsche Hits und Ihre Geschichte Die Sendung auf &#8222;GuteLauneTV&#8220; https:\/\/www.gutelaunetv.de\/programm\/highlights\/details\/goldene-schlager-juwelen.html Es gibt nach wie vor zahlreiche Sendungen im Fernsehen und auch diverse Musiksendungen. Doch keine Fernsehshow kn\u00fcpft an Sendungen aus der \u201eguten alten Zeit an\u201c, die gro\u00dfe Erfolge von Interpreten n\u00e4her beleuchten. In den \u201eg\u00e4ngigen\u201c aktuellen Formaten geben sich immer dieselben Kollegen die Klinke in die Hand. Mit der TV-Produktion \u201eGoldene Schlager Juwelen\u201c stellt Kay D\u00f6rfel gro\u00dfe Titel der deutschsprachigen Musik in den Fokus und plaudert mit den Originalstars dazu aus dem N\u00e4hk\u00e4stchen. Premiere dieser neuen Sendereihe war, mitten in der Pandemie, am 04.03.2021 auf GuteLauneTV. Seit 2022 l\u00e4uft die Sendung auch erfolgreich auf dem neuen TV-Sender &#8222;SchlagerParadies TV&#8220; und es laufen Verhandlungen, u.a. mit der Mediengruppe &#8222;Folx Television&#8220; aus Slowenien. In der ersten Sendung begr\u00fc\u00dfte Kay neben dem Panfl\u00f6tenvirtuosen Edward Simoni, den ehemaligen Thomaner Hans-J\u00fcrgen Beyer, Birgit Langer (&#8222;Fernando Express&#8220;), Randolph Rose und das Sachsenkind Friedlinde. Dazu wurden das historische Gasthaus &#8222;Zur Kanone&#8220; in Tautenhain vorgestellt und das traditionelle &#8222;Kanonenlied&#8220; angestimmt. Folge 2 bestritten u.a. die &#8222;Randfichten&#8220;, Uwe Jensen, Gerda Gabriel und auch die &#8222;Wildecker Herzbuben&#8220; sorgten f\u00fcr ausgelassene Stimmung. Aktuell arbeiten wir an einer weiteren TV-Aufzeichnung, die u.a. die den gro\u00dfen Hit der Puhdys &#8222;Alt wie Baum&#8220; und andere Gassenhauer wieder in den rechten Fokus r\u00fcckt. https:\/\/www.schlagerjuwelen.de Aktuell laufen auch Verhandlungen zu neuen Aufzeichnungen mit diversen K\u00fcnstlern und Locations.\" \/>\n<meta property=\"og:url\" content=\"https:\/\/kaydoerfel.de\/?page_id=258\" \/>\n<meta property=\"og:site_name\" content=\"Kay D\u00f6rfel\" \/>\n<meta property=\"article:modified_time\" content=\"2024-02-29T14:18:00+00:00\" \/>\n<meta property=\"og:image\" content=\"http:\/\/kaydoerfel.de\/wp-content\/uploads\/2020\/09\/29bc54c7-dd90-4efb-9161-cb010c2e25bc-1024x512.jpg\" \/>\n<meta name=\"twitter:card\" content=\"summary_large_image\" \/>\n<meta name=\"twitter:label1\" content=\"Gesch\u00e4tzte Lesezeit\" \/>\n\t<meta name=\"twitter:data1\" content=\"1\u00a0Minute\" \/>\n<script type=\"application\/ld+json\" class=\"yoast-schema-graph\">{\"@context\":\"https:\/\/schema.org\",\"@graph\":[{\"@type\":\"WebPage\",\"@id\":\"https:\/\/kaydoerfel.de\/?page_id=258\",\"url\":\"https:\/\/kaydoerfel.de\/?page_id=258\",\"name\":\"Goldene Schlager Juwelen - Kay D\u00f6rfel\",\"isPartOf\":{\"@id\":\"http:\/\/kaydoerfel.de\/#website\"},\"datePublished\":\"2020-07-14T18:59:06+00:00\",\"dateModified\":\"2024-02-29T14:18:00+00:00\",\"breadcrumb\":{\"@id\":\"https:\/\/kaydoerfel.de\/?page_id=258#breadcrumb\"},\"inLanguage\":\"de\",\"potentialAction\":[{\"@type\":\"ReadAction\",\"target\":[\"https:\/\/kaydoerfel.de\/?page_id=258\"]}]},{\"@type\":\"BreadcrumbList\",\"@id\":\"https:\/\/kaydoerfel.de\/?page_id=258#breadcrumb\",\"itemListElement\":[{\"@type\":\"ListItem\",\"position\":1,\"name\":\"Startseite\",\"item\":\"http:\/\/kaydoerfel.de\/\"},{\"@type\":\"ListItem\",\"position\":2,\"name\":\"Goldene Schlager Juwelen\"}]},{\"@type\":\"WebSite\",\"@id\":\"http:\/\/kaydoerfel.de\/#website\",\"url\":\"http:\/\/kaydoerfel.de\/\",\"name\":\"Kay D\u00f6rfel\",\"description\":\"SYMPATHISCH - AUTHENTISCH - VIELSEITIG\",\"potentialAction\":[{\"@type\":\"SearchAction\",\"target\":{\"@type\":\"EntryPoint\",\"urlTemplate\":\"http:\/\/kaydoerfel.de\/?s={search_term_string}\"},\"query-input\":\"required name=search_term_string\"}],\"inLanguage\":\"de\"}]}<\/script>\n<!-- \/ Yoast SEO plugin. -->","yoast_head_json":{"title":"Goldene Schlager Juwelen - Kay D\u00f6rfel","robots":{"index":"index","follow":"follow","max-snippet":"max-snippet:-1","max-image-preview":"max-image-preview:large","max-video-preview":"max-video-preview:-1"},"canonical":"https:\/\/kaydoerfel.de\/?page_id=258","og_locale":"de_DE","og_type":"article","og_title":"Goldene Schlager Juwelen - Kay D\u00f6rfel","og_description":"Deutsche Hits und Ihre Geschichte Die Sendung auf &#8222;GuteLauneTV&#8220; https:\/\/www.gutelaunetv.de\/programm\/highlights\/details\/goldene-schlager-juwelen.html Es gibt nach wie vor zahlreiche Sendungen im Fernsehen und auch diverse Musiksendungen. Doch keine Fernsehshow kn\u00fcpft an Sendungen aus der \u201eguten alten Zeit an\u201c, die gro\u00dfe Erfolge von Interpreten n\u00e4her beleuchten. In den \u201eg\u00e4ngigen\u201c aktuellen Formaten geben sich immer dieselben Kollegen die Klinke in die Hand. Mit der TV-Produktion \u201eGoldene Schlager Juwelen\u201c stellt Kay D\u00f6rfel gro\u00dfe Titel der deutschsprachigen Musik in den Fokus und plaudert mit den Originalstars dazu aus dem N\u00e4hk\u00e4stchen. Premiere dieser neuen Sendereihe war, mitten in der Pandemie, am 04.03.2021 auf GuteLauneTV. Seit 2022 l\u00e4uft die Sendung auch erfolgreich auf dem neuen TV-Sender &#8222;SchlagerParadies TV&#8220; und es laufen Verhandlungen, u.a. mit der Mediengruppe &#8222;Folx Television&#8220; aus Slowenien. In der ersten Sendung begr\u00fc\u00dfte Kay neben dem Panfl\u00f6tenvirtuosen Edward Simoni, den ehemaligen Thomaner Hans-J\u00fcrgen Beyer, Birgit Langer (&#8222;Fernando Express&#8220;), Randolph Rose und das Sachsenkind Friedlinde. Dazu wurden das historische Gasthaus &#8222;Zur Kanone&#8220; in Tautenhain vorgestellt und das traditionelle &#8222;Kanonenlied&#8220; angestimmt. Folge 2 bestritten u.a. die &#8222;Randfichten&#8220;, Uwe Jensen, Gerda Gabriel und auch die &#8222;Wildecker Herzbuben&#8220; sorgten f\u00fcr ausgelassene Stimmung. Aktuell arbeiten wir an einer weiteren TV-Aufzeichnung, die u.a. die den gro\u00dfen Hit der Puhdys &#8222;Alt wie Baum&#8220; und andere Gassenhauer wieder in den rechten Fokus r\u00fcckt. https:\/\/www.schlagerjuwelen.de Aktuell laufen auch Verhandlungen zu neuen Aufzeichnungen mit diversen K\u00fcnstlern und Locations.","og_url":"https:\/\/kaydoerfel.de\/?page_id=258","og_site_name":"Kay D\u00f6rfel","article_modified_time":"2024-02-29T14:18:00+00:00","og_image":[{"url":"http:\/\/kaydoerfel.de\/wp-content\/uploads\/2020\/09\/29bc54c7-dd90-4efb-9161-cb010c2e25bc-1024x512.jpg"}],"twitter_card":"summary_large_image","twitter_misc":{"Gesch\u00e4tzte Lesezeit":"1\u00a0Minute"},"schema":{"@context":"https:\/\/schema.org","@graph":[{"@type":"WebPage","@id":"https:\/\/kaydoerfel.de\/?page_id=258","url":"https:\/\/kaydoerfel.de\/?page_id=258","name":"Goldene Schlager Juwelen - Kay D\u00f6rfel","isPartOf":{"@id":"http:\/\/kaydoerfel.de\/#website"},"datePublished":"2020-07-14T18:59:06+00:00","dateModified":"2024-02-29T14:18:00+00:00","breadcrumb":{"@id":"https:\/\/kaydoerfel.de\/?page_id=258#breadcrumb"},"inLanguage":"de","potentialAction":[{"@type":"ReadAction","target":["https:\/\/kaydoerfel.de\/?page_id=258"]}]},{"@type":"BreadcrumbList","@id":"https:\/\/kaydoerfel.de\/?page_id=258#breadcrumb","itemListElement":[{"@type":"ListItem","position":1,"name":"Startseite","item":"http:\/\/kaydoerfel.de\/"},{"@type":"ListItem","position":2,"name":"Goldene Schlager Juwelen"}]},{"@type":"WebSite","@id":"http:\/\/kaydoerfel.de\/#website","url":"http:\/\/kaydoerfel.de\/","name":"Kay D\u00f6rfel","description":"SYMPATHISCH - AUTHENTISCH - VIELSEITIG","potentialAction":[{"@type":"SearchAction","target":{"@type":"EntryPoint","urlTemplate":"http:\/\/kaydoerfel.de\/?s={search_term_string}"},"query-input":"required name=search_term_string"}],"inLanguage":"de"}]}},"_links":{"self":[{"href":"https:\/\/kaydoerfel.de\/index.php?rest_route=\/wp\/v2\/pages\/258"}],"collection":[{"href":"https:\/\/kaydoerfel.de\/index.php?rest_route=\/wp\/v2\/pages"}],"about":[{"href":"https:\/\/kaydoerfel.de\/index.php?rest_route=\/wp\/v2\/types\/page"}],"author":[{"embeddable":true,"href":"https:\/\/kaydoerfel.de\/index.php?rest_route=\/wp\/v2\/users\/1"}],"replies":[{"embeddable":true,"href":"https:\/\/kaydoerfel.de\/index.php?rest_route=%2Fwp%2Fv2%2Fcomments&post=258"}],"version-history":[{"count":22,"href":"https:\/\/kaydoerfel.de\/index.php?rest_route=\/wp\/v2\/pages\/258\/revisions"}],"predecessor-version":[{"id":635,"href":"https:\/\/kaydoerfel.de\/index.php?rest_route=\/wp\/v2\/pages\/258\/revisions\/635"}],"wp:attachment":[{"href":"https:\/\/kaydoerfel.de\/index.php?rest_route=%2Fwp%2Fv2%2Fmedia&parent=258"}],"curies":[{"name":"wp","href":"https:\/\/api.w.org\/{rel}","templated":true}]}}