{"id":30,"date":"2020-04-26T20:21:07","date_gmt":"2020-04-26T20:21:07","guid":{"rendered":"http:\/\/kaydoerfel.de\/?page_id=30"},"modified":"2020-05-26T19:25:59","modified_gmt":"2020-05-26T19:25:59","slug":"impressum","status":"publish","type":"page","link":"https:\/\/kaydoerfel.de\/?page_id=30","title":{"rendered":"Impressum"},"content":{"rendered":"\n<p><\/p>\n\n\n\n<p><strong>Herausgeber und f\u00fcr den Inhalt verantwortlich:<\/strong><\/p>\n\n\n\n<p>Stimmungszeit K.D. Promotion &amp; Events Veranstaltungsgesellschaft mbH<\/p>\n\n\n\n<p>c\/o Stimmungszeit Musikverlag \u00ae<br>D-07607 Eisenberg<\/p>\n\n\n\n<p>Telefon: +49 (0) 36691 5 22 84<\/p>\n\n\n\n<p>Fax:&nbsp;&nbsp;&nbsp;&nbsp;&nbsp;&nbsp; +49 (0) 36691 86 24 48<\/p>\n\n\n\n<p>E-Mail:&nbsp;&nbsp; <a href=\"mailto:kontakt@kaydoerfel.de\">kontakt@kaydoerfel.de<\/a><\/p>\n\n\n\n<p><strong>Disclaimer:<\/strong><\/p>\n\n\n\n<p>Hyperlinks auf dieser Website k\u00f6nnen zu anderen Websites f\u00fchren, die nicht vom Stimmungszeit Musikverlag gepflegt werden.<\/p>\n\n\n\n<p>F\u00fcr den Inhalt dieser Seiten \u00fcbernimmt der Stimmungszeit Musikverlag keine Haftung oder Verantwortung. Ein Link zu einer externen Website ist keine Garantie f\u00fcr deren Inhalte oder deren angebotene Leistungen. Jegliche Nutzung der Informationen die auf der Website zur Verf\u00fcgung stehen, oder auf anderen Websites die mit ihr verlinkt sind, geschieht auf eigenes Risiko.<\/p>\n\n\n\n<p>F\u00fcr die Nutzung dieser Website gelten die nachfolgenden Bedingungen und alle anwendbaren Gesetze.<\/p>\n\n\n\n<p>Durch den Zugriff auf diese Seite erkennen Sie die nachfolgenden Bedingungen uneingeschr\u00e4nkt an. Wenn nicht anderweitig geregelt, sind die Inhalte dieser Website einschlie\u00dflich, aber nicht begrenzt auf darin enthaltene Texte und Abbildungen und deren Anordnung, Eigentum vom Stimmungszeit Musikverlag. Alle eingetragenen Warenzeichen, die auf dieser Website verwendet werden, sind Eigentum der jeweiligen Inhaber. F\u00fcr Preise und Angebote sind die jeweiligen Anbieter verantwortlich.<\/p>\n\n\n\n<p>Diese Website und der zur Verf\u00fcgung gestellte Inhalt inklusive, aber nicht begrenzt auf grafische Elemente, Ton, Bild und HTML-Quellcode, Schaltfl\u00e4chen und Text, d\u00fcrfen nicht ohne vorherige schriftliche Erlaubnis vom Stimmungszeit Musikverlag in irgendeiner Form kopiert, reproduziert, neu aufgelegt, online-gestellt, bekanntgegeben, \u00fcbertragen oder verteilt werden. Eine Ausnahme bildet das Herunterladen von Daten auf einen einzelnen Computer f\u00fcr den privaten, nicht-kommerziellen Gebrauch, vorausgesetzt, dass das Material in keiner Weise ver\u00e4ndert wird und alle Copyrights, Warenzeichen und sonstige Eigentumskennzeichnungen erhalten bleiben. Die Daten und Texte, die auf dieser Website zur Verf\u00fcgung gestellt werden, sind kostenlos und dienen ausschlie\u00dflich zu Informationszwecken. Eine Nutzung der Informationen zieht keine gesch\u00e4ftliche Bindung zwischen Ihnen und dem Stimmungszeit Musikverlag nach sich.<\/p>\n\n\n\n<p>Der Stimmungszeit Musikverlag betreibt diese Website in Deutschland. Den Nutzungsbedingungen und s\u00e4mtlichen Rechtsverfahren liegt das deutsche Recht zugrunde.<\/p>\n\n\n\n<p>Bildquellen: Die Fotografien auf dieser Homepage sind Eigentum des Stimmungszeit Musikverlag. Weitere Bilder mit freundlicher Genehmigung angegebener Quellen.<\/p>\n\n\n\n<p>\u00a9 Stimmungszeit Musikverlag<\/p>\n\n\n\n<p>Alle Rechte vorbehalten.<\/p>\n","protected":false},"excerpt":{"rendered":"<p>Herausgeber und f\u00fcr den Inhalt verantwortlich: Stimmungszeit K.D. Promotion &amp; Events Veranstaltungsgesellschaft mbH c\/o Stimmungszeit Musikverlag \u00aeD-07607 Eisenberg Telefon: +49 (0) 36691 5 22 84 Fax:&nbsp;&nbsp;&nbsp;&nbsp;&nbsp;&nbsp; +49 (0) 36691 86 24 48 E-Mail:&nbsp;&nbsp; kontakt@kaydoerfel.de Disclaimer: Hyperlinks auf dieser Website k\u00f6nnen zu anderen Websites f\u00fchren, die nicht vom Stimmungszeit Musikverlag gepflegt werden. F\u00fcr den Inhalt dieser Seiten \u00fcbernimmt der Stimmungszeit Musikverlag keine Haftung oder Verantwortung. Ein Link zu einer externen Website ist keine Garantie f\u00fcr deren Inhalte oder deren angebotene Leistungen. Jegliche Nutzung der Informationen die auf der Website zur Verf\u00fcgung stehen, oder auf anderen Websites die mit ihr verlinkt sind, geschieht auf eigenes Risiko. F\u00fcr die Nutzung dieser Website gelten die nachfolgenden Bedingungen und alle anwendbaren Gesetze. Durch den Zugriff auf diese Seite erkennen Sie die nachfolgenden Bedingungen uneingeschr\u00e4nkt an. Wenn nicht anderweitig geregelt, sind die Inhalte dieser Website einschlie\u00dflich, aber nicht begrenzt auf darin enthaltene Texte und Abbildungen und deren Anordnung, Eigentum vom Stimmungszeit Musikverlag. Alle eingetragenen Warenzeichen, die auf dieser Website verwendet werden, sind Eigentum der jeweiligen Inhaber. F\u00fcr Preise und Angebote sind die jeweiligen Anbieter verantwortlich. Diese Website und der zur Verf\u00fcgung gestellte Inhalt inklusive, aber nicht begrenzt auf grafische Elemente, Ton, Bild und HTML-Quellcode, Schaltfl\u00e4chen und Text, d\u00fcrfen nicht ohne vorherige schriftliche Erlaubnis vom Stimmungszeit Musikverlag in irgendeiner Form kopiert, reproduziert, neu aufgelegt, online-gestellt, bekanntgegeben, \u00fcbertragen oder verteilt werden. Eine Ausnahme bildet das Herunterladen von Daten auf einen einzelnen Computer f\u00fcr den privaten, nicht-kommerziellen Gebrauch, vorausgesetzt, dass das Material in keiner Weise ver\u00e4ndert wird und alle Copyrights, Warenzeichen und sonstige Eigentumskennzeichnungen erhalten bleiben. Die Daten und Texte, die auf dieser Website zur Verf\u00fcgung gestellt werden, sind kostenlos und dienen ausschlie\u00dflich zu Informationszwecken. Eine Nutzung der Informationen zieht keine gesch\u00e4ftliche Bindung zwischen Ihnen und dem Stimmungszeit Musikverlag nach sich. Der Stimmungszeit Musikverlag betreibt diese Website in Deutschland. Den Nutzungsbedingungen und s\u00e4mtlichen Rechtsverfahren liegt das deutsche Recht zugrunde. Bildquellen: Die Fotografien auf dieser Homepage sind Eigentum des Stimmungszeit Musikverlag. Weitere Bilder mit freundlicher Genehmigung angegebener Quellen. \u00a9 Stimmungszeit Musikverlag Alle Rechte vorbehalten.<\/p>\n","protected":false},"author":1,"featured_media":0,"parent":0,"menu_order":0,"comment_status":"closed","ping_status":"closed","template":"","meta":{"footnotes":""},"yoast_head":"<!-- This site is optimized with the Yoast SEO plugin v22.1 - https:\/\/yoast.com\/wordpress\/plugins\/seo\/ -->\n<title>Impressum - Kay D\u00f6rfel<\/title>\n<meta name=\"robots\" content=\"index, follow, max-snippet:-1, max-image-preview:large, max-video-preview:-1\" \/>\n<link rel=\"canonical\" href=\"https:\/\/kaydoerfel.de\/?page_id=30\" \/>\n<meta property=\"og:locale\" content=\"de_DE\" \/>\n<meta property=\"og:type\" content=\"article\" \/>\n<meta property=\"og:title\" content=\"Impressum - Kay D\u00f6rfel\" \/>\n<meta property=\"og:description\" content=\"Herausgeber und f\u00fcr den Inhalt verantwortlich: Stimmungszeit K.D. Promotion &amp; Events Veranstaltungsgesellschaft mbH c\/o Stimmungszeit Musikverlag \u00aeD-07607 Eisenberg Telefon: +49 (0) 36691 5 22 84 Fax:&nbsp;&nbsp;&nbsp;&nbsp;&nbsp;&nbsp; +49 (0) 36691 86 24 48 E-Mail:&nbsp;&nbsp; kontakt@kaydoerfel.de Disclaimer: Hyperlinks auf dieser Website k\u00f6nnen zu anderen Websites f\u00fchren, die nicht vom Stimmungszeit Musikverlag gepflegt werden. F\u00fcr den Inhalt dieser Seiten \u00fcbernimmt der Stimmungszeit Musikverlag keine Haftung oder Verantwortung. Ein Link zu einer externen Website ist keine Garantie f\u00fcr deren Inhalte oder deren angebotene Leistungen. Jegliche Nutzung der Informationen die auf der Website zur Verf\u00fcgung stehen, oder auf anderen Websites die mit ihr verlinkt sind, geschieht auf eigenes Risiko. F\u00fcr die Nutzung dieser Website gelten die nachfolgenden Bedingungen und alle anwendbaren Gesetze. Durch den Zugriff auf diese Seite erkennen Sie die nachfolgenden Bedingungen uneingeschr\u00e4nkt an. Wenn nicht anderweitig geregelt, sind die Inhalte dieser Website einschlie\u00dflich, aber nicht begrenzt auf darin enthaltene Texte und Abbildungen und deren Anordnung, Eigentum vom Stimmungszeit Musikverlag. Alle eingetragenen Warenzeichen, die auf dieser Website verwendet werden, sind Eigentum der jeweiligen Inhaber. F\u00fcr Preise und Angebote sind die jeweiligen Anbieter verantwortlich. Diese Website und der zur Verf\u00fcgung gestellte Inhalt inklusive, aber nicht begrenzt auf grafische Elemente, Ton, Bild und HTML-Quellcode, Schaltfl\u00e4chen und Text, d\u00fcrfen nicht ohne vorherige schriftliche Erlaubnis vom Stimmungszeit Musikverlag in irgendeiner Form kopiert, reproduziert, neu aufgelegt, online-gestellt, bekanntgegeben, \u00fcbertragen oder verteilt werden. Eine Ausnahme bildet das Herunterladen von Daten auf einen einzelnen Computer f\u00fcr den privaten, nicht-kommerziellen Gebrauch, vorausgesetzt, dass das Material in keiner Weise ver\u00e4ndert wird und alle Copyrights, Warenzeichen und sonstige Eigentumskennzeichnungen erhalten bleiben. Die Daten und Texte, die auf dieser Website zur Verf\u00fcgung gestellt werden, sind kostenlos und dienen ausschlie\u00dflich zu Informationszwecken. Eine Nutzung der Informationen zieht keine gesch\u00e4ftliche Bindung zwischen Ihnen und dem Stimmungszeit Musikverlag nach sich. Der Stimmungszeit Musikverlag betreibt diese Website in Deutschland. Den Nutzungsbedingungen und s\u00e4mtlichen Rechtsverfahren liegt das deutsche Recht zugrunde. Bildquellen: Die Fotografien auf dieser Homepage sind Eigentum des Stimmungszeit Musikverlag. Weitere Bilder mit freundlicher Genehmigung angegebener Quellen. \u00a9 Stimmungszeit Musikverlag Alle Rechte vorbehalten.\" \/>\n<meta property=\"og:url\" content=\"https:\/\/kaydoerfel.de\/?page_id=30\" \/>\n<meta property=\"og:site_name\" content=\"Kay D\u00f6rfel\" \/>\n<meta property=\"article:modified_time\" content=\"2020-05-26T19:25:59+00:00\" \/>\n<meta name=\"twitter:card\" content=\"summary_large_image\" \/>\n<meta name=\"twitter:label1\" content=\"Gesch\u00e4tzte Lesezeit\" \/>\n\t<meta name=\"twitter:data1\" content=\"2\u00a0Minuten\" \/>\n<script type=\"application\/ld+json\" class=\"yoast-schema-graph\">{\"@context\":\"https:\/\/schema.org\",\"@graph\":[{\"@type\":\"WebPage\",\"@id\":\"https:\/\/kaydoerfel.de\/?page_id=30\",\"url\":\"https:\/\/kaydoerfel.de\/?page_id=30\",\"name\":\"Impressum - Kay D\u00f6rfel\",\"isPartOf\":{\"@id\":\"https:\/\/kaydoerfel.de\/#website\"},\"datePublished\":\"2020-04-26T20:21:07+00:00\",\"dateModified\":\"2020-05-26T19:25:59+00:00\",\"breadcrumb\":{\"@id\":\"https:\/\/kaydoerfel.de\/?page_id=30#breadcrumb\"},\"inLanguage\":\"de\",\"potentialAction\":[{\"@type\":\"ReadAction\",\"target\":[\"https:\/\/kaydoerfel.de\/?page_id=30\"]}]},{\"@type\":\"BreadcrumbList\",\"@id\":\"https:\/\/kaydoerfel.de\/?page_id=30#breadcrumb\",\"itemListElement\":[{\"@type\":\"ListItem\",\"position\":1,\"name\":\"Startseite\",\"item\":\"https:\/\/kaydoerfel.de\/\"},{\"@type\":\"ListItem\",\"position\":2,\"name\":\"Impressum\"}]},{\"@type\":\"WebSite\",\"@id\":\"https:\/\/kaydoerfel.de\/#website\",\"url\":\"https:\/\/kaydoerfel.de\/\",\"name\":\"Kay D\u00f6rfel\",\"description\":\"SYMPATHISCH - AUTHENTISCH - VIELSEITIG\",\"potentialAction\":[{\"@type\":\"SearchAction\",\"target\":{\"@type\":\"EntryPoint\",\"urlTemplate\":\"https:\/\/kaydoerfel.de\/?s={search_term_string}\"},\"query-input\":\"required name=search_term_string\"}],\"inLanguage\":\"de\"}]}<\/script>\n<!-- \/ Yoast SEO plugin. -->","yoast_head_json":{"title":"Impressum - Kay D\u00f6rfel","robots":{"index":"index","follow":"follow","max-snippet":"max-snippet:-1","max-image-preview":"max-image-preview:large","max-video-preview":"max-video-preview:-1"},"canonical":"https:\/\/kaydoerfel.de\/?page_id=30","og_locale":"de_DE","og_type":"article","og_title":"Impressum - Kay D\u00f6rfel","og_description":"Herausgeber und f\u00fcr den Inhalt verantwortlich: Stimmungszeit K.D. Promotion &amp; Events Veranstaltungsgesellschaft mbH c\/o Stimmungszeit Musikverlag \u00aeD-07607 Eisenberg Telefon: +49 (0) 36691 5 22 84 Fax:&nbsp;&nbsp;&nbsp;&nbsp;&nbsp;&nbsp; +49 (0) 36691 86 24 48 E-Mail:&nbsp;&nbsp; kontakt@kaydoerfel.de Disclaimer: Hyperlinks auf dieser Website k\u00f6nnen zu anderen Websites f\u00fchren, die nicht vom Stimmungszeit Musikverlag gepflegt werden. F\u00fcr den Inhalt dieser Seiten \u00fcbernimmt der Stimmungszeit Musikverlag keine Haftung oder Verantwortung. Ein Link zu einer externen Website ist keine Garantie f\u00fcr deren Inhalte oder deren angebotene Leistungen. Jegliche Nutzung der Informationen die auf der Website zur Verf\u00fcgung stehen, oder auf anderen Websites die mit ihr verlinkt sind, geschieht auf eigenes Risiko. F\u00fcr die Nutzung dieser Website gelten die nachfolgenden Bedingungen und alle anwendbaren Gesetze. Durch den Zugriff auf diese Seite erkennen Sie die nachfolgenden Bedingungen uneingeschr\u00e4nkt an. Wenn nicht anderweitig geregelt, sind die Inhalte dieser Website einschlie\u00dflich, aber nicht begrenzt auf darin enthaltene Texte und Abbildungen und deren Anordnung, Eigentum vom Stimmungszeit Musikverlag. Alle eingetragenen Warenzeichen, die auf dieser Website verwendet werden, sind Eigentum der jeweiligen Inhaber. F\u00fcr Preise und Angebote sind die jeweiligen Anbieter verantwortlich. Diese Website und der zur Verf\u00fcgung gestellte Inhalt inklusive, aber nicht begrenzt auf grafische Elemente, Ton, Bild und HTML-Quellcode, Schaltfl\u00e4chen und Text, d\u00fcrfen nicht ohne vorherige schriftliche Erlaubnis vom Stimmungszeit Musikverlag in irgendeiner Form kopiert, reproduziert, neu aufgelegt, online-gestellt, bekanntgegeben, \u00fcbertragen oder verteilt werden. Eine Ausnahme bildet das Herunterladen von Daten auf einen einzelnen Computer f\u00fcr den privaten, nicht-kommerziellen Gebrauch, vorausgesetzt, dass das Material in keiner Weise ver\u00e4ndert wird und alle Copyrights, Warenzeichen und sonstige Eigentumskennzeichnungen erhalten bleiben. Die Daten und Texte, die auf dieser Website zur Verf\u00fcgung gestellt werden, sind kostenlos und dienen ausschlie\u00dflich zu Informationszwecken. Eine Nutzung der Informationen zieht keine gesch\u00e4ftliche Bindung zwischen Ihnen und dem Stimmungszeit Musikverlag nach sich. Der Stimmungszeit Musikverlag betreibt diese Website in Deutschland. Den Nutzungsbedingungen und s\u00e4mtlichen Rechtsverfahren liegt das deutsche Recht zugrunde. Bildquellen: Die Fotografien auf dieser Homepage sind Eigentum des Stimmungszeit Musikverlag. Weitere Bilder mit freundlicher Genehmigung angegebener Quellen. \u00a9 Stimmungszeit Musikverlag Alle Rechte vorbehalten.","og_url":"https:\/\/kaydoerfel.de\/?page_id=30","og_site_name":"Kay D\u00f6rfel","article_modified_time":"2020-05-26T19:25:59+00:00","twitter_card":"summary_large_image","twitter_misc":{"Gesch\u00e4tzte Lesezeit":"2\u00a0Minuten"},"schema":{"@context":"https:\/\/schema.org","@graph":[{"@type":"WebPage","@id":"https:\/\/kaydoerfel.de\/?page_id=30","url":"https:\/\/kaydoerfel.de\/?page_id=30","name":"Impressum - Kay D\u00f6rfel","isPartOf":{"@id":"https:\/\/kaydoerfel.de\/#website"},"datePublished":"2020-04-26T20:21:07+00:00","dateModified":"2020-05-26T19:25:59+00:00","breadcrumb":{"@id":"https:\/\/kaydoerfel.de\/?page_id=30#breadcrumb"},"inLanguage":"de","potentialAction":[{"@type":"ReadAction","target":["https:\/\/kaydoerfel.de\/?page_id=30"]}]},{"@type":"BreadcrumbList","@id":"https:\/\/kaydoerfel.de\/?page_id=30#breadcrumb","itemListElement":[{"@type":"ListItem","position":1,"name":"Startseite","item":"https:\/\/kaydoerfel.de\/"},{"@type":"ListItem","position":2,"name":"Impressum"}]},{"@type":"WebSite","@id":"https:\/\/kaydoerfel.de\/#website","url":"https:\/\/kaydoerfel.de\/","name":"Kay D\u00f6rfel","description":"SYMPATHISCH - AUTHENTISCH - VIELSEITIG","potentialAction":[{"@type":"SearchAction","target":{"@type":"EntryPoint","urlTemplate":"https:\/\/kaydoerfel.de\/?s={search_term_string}"},"query-input":"required name=search_term_string"}],"inLanguage":"de"}]}},"_links":{"self":[{"href":"https:\/\/kaydoerfel.de\/index.php?rest_route=\/wp\/v2\/pages\/30"}],"collection":[{"href":"https:\/\/kaydoerfel.de\/index.php?rest_route=\/wp\/v2\/pages"}],"about":[{"href":"https:\/\/kaydoerfel.de\/index.php?rest_route=\/wp\/v2\/types\/page"}],"author":[{"embeddable":true,"href":"https:\/\/kaydoerfel.de\/index.php?rest_route=\/wp\/v2\/users\/1"}],"replies":[{"embeddable":true,"href":"https:\/\/kaydoerfel.de\/index.php?rest_route=%2Fwp%2Fv2%2Fcomments&post=30"}],"version-history":[{"count":2,"href":"https:\/\/kaydoerfel.de\/index.php?rest_route=\/wp\/v2\/pages\/30\/revisions"}],"predecessor-version":[{"id":33,"href":"https:\/\/kaydoerfel.de\/index.php?rest_route=\/wp\/v2\/pages\/30\/revisions\/33"}],"wp:attachment":[{"href":"https:\/\/kaydoerfel.de\/index.php?rest_route=%2Fwp%2Fv2%2Fmedia&parent=30"}],"curies":[{"name":"wp","href":"https:\/\/api.w.org\/{rel}","templated":true}]}}